{"id":859,"date":"2023-10-12T13:04:22","date_gmt":"2023-10-12T13:04:22","guid":{"rendered":"https:\/\/yachay.org.bo\/?page_id=859"},"modified":"2023-10-31T15:58:06","modified_gmt":"2023-10-31T15:58:06","slug":"proyectos","status":"publish","type":"page","link":"https:\/\/yachay.org.bo\/?page_id=859","title":{"rendered":"Proyectos"},"content":{"rendered":"\t\t<div data-elementor-type=\"wp-page\" data-elementor-id=\"859\" class=\"elementor elementor-859\">\n\t\t\t\t\t\t\t\t\t<section class=\"elementor-section elementor-top-section elementor-element elementor-element-aed1410 elementor-section-boxed elementor-section-height-default elementor-section-height-default\" data-id=\"aed1410\" data-element_type=\"section\">\n\t\t\t\t\t\t<div class=\"elementor-container elementor-column-gap-default\">\n\t\t\t\t\t<div class=\"elementor-column elementor-col-100 elementor-top-column elementor-element elementor-element-36ab352\" data-id=\"36ab352\" data-element_type=\"column\">\n\t\t\t<div class=\"elementor-widget-wrap elementor-element-populated\">\n\t\t\t\t\t\t\t\t<div class=\"elementor-element elementor-element-19acc4f elementor-widget elementor-widget-text-editor\" data-id=\"19acc4f\" data-element_type=\"widget\" data-widget_type=\"text-editor.default\">\n\t\t\t\t<div class=\"elementor-widget-container\">\n\t\t\t<style>\/*! elementor - v3.15.0 - 20-08-2023 *\/\n.elementor-widget-text-editor.elementor-drop-cap-view-stacked .elementor-drop-cap{background-color:#69727d;color:#fff}.elementor-widget-text-editor.elementor-drop-cap-view-framed .elementor-drop-cap{color:#69727d;border:3px solid;background-color:transparent}.elementor-widget-text-editor:not(.elementor-drop-cap-view-default) .elementor-drop-cap{margin-top:8px}.elementor-widget-text-editor:not(.elementor-drop-cap-view-default) .elementor-drop-cap-letter{width:1em;height:1em}.elementor-widget-text-editor .elementor-drop-cap{float:left;text-align:center;line-height:1;font-size:50px}.elementor-widget-text-editor .elementor-drop-cap-letter{display:inline-block}<\/style>\t\t\t\t<div class=\"pt-cv-wrapper\"><div class=\"pt-cv-view pt-cv-grid pt-cv-colsys\" id=\"pt-cv-view-fa8efd0ioy\"><div data-id=\"pt-cv-page-1\" class=\"pt-cv-page\" data-cvc=\"2\"><div class=\"col-md-6 col-sm-6 col-xs-12 pt-cv-content-item pt-cv-1-col\" ><div class='pt-cv-ifield'><a href=\"https:\/\/yachay.org.bo\/?p=2933\" class=\"_self pt-cv-href-thumbnail pt-cv-thumb-default\" target=\"_self\" ><img loading=\"lazy\" decoding=\"async\" width=\"959\" height=\"956\" src=\"https:\/\/yachay.org.bo\/wp-content\/uploads\/2026\/04\/instagram-y-web-7.jpg\" class=\"pt-cv-thumbnail\" alt=\"\" srcset=\"https:\/\/yachay.org.bo\/wp-content\/uploads\/2026\/04\/instagram-y-web-7.jpg 959w, https:\/\/yachay.org.bo\/wp-content\/uploads\/2026\/04\/instagram-y-web-7-300x300.jpg 300w, https:\/\/yachay.org.bo\/wp-content\/uploads\/2026\/04\/instagram-y-web-7-150x150.jpg 150w, https:\/\/yachay.org.bo\/wp-content\/uploads\/2026\/04\/instagram-y-web-7-768x766.jpg 768w, https:\/\/yachay.org.bo\/wp-content\/uploads\/2026\/04\/instagram-y-web-7-270x270.jpg 270w, https:\/\/yachay.org.bo\/wp-content\/uploads\/2026\/04\/instagram-y-web-7-230x230.jpg 230w, https:\/\/yachay.org.bo\/wp-content\/uploads\/2026\/04\/instagram-y-web-7-45x45.jpg 45w, https:\/\/yachay.org.bo\/wp-content\/uploads\/2026\/04\/instagram-y-web-7-600x598.jpg 600w, https:\/\/yachay.org.bo\/wp-content\/uploads\/2026\/04\/instagram-y-web-7-100x100.jpg 100w\" sizes=\"(max-width: 959px) 100vw, 959px\" \/><\/a>\n<h4 class=\"pt-cv-title\"><a href=\"https:\/\/yachay.org.bo\/?p=2933\" class=\"_self\" target=\"_self\" >DINAMIZADORES ESTUDIANTILES DE PREVENCI\u00d3N DE VIOLENCIA Y MEDIO AMBIENTE<\/a><\/h4>\n<div class=\"pt-cv-content\">A partir del proceso de formaci\u00f3n de Dinamizadores en las unidades educativas: Boliviano Brit\u00e1nico, Rep\u00fablica del Ecuador, Copacabana y Hugo &#8230;<br \/><div class=\"pt-cv-rmwrap\"><a href=\"https:\/\/yachay.org.bo\/?p=2933\" class=\"_self pt-cv-readmore btn btn-success\" target=\"_self\">Leer M\u00e1s<\/a><\/div><\/div><\/div><\/div>\n<div class=\"col-md-6 col-sm-6 col-xs-12 pt-cv-content-item pt-cv-1-col\" ><div class='pt-cv-ifield'><a href=\"https:\/\/yachay.org.bo\/?p=2930\" class=\"_self pt-cv-href-thumbnail pt-cv-thumb-default\" target=\"_self\" ><img loading=\"lazy\" decoding=\"async\" width=\"959\" height=\"956\" src=\"https:\/\/yachay.org.bo\/wp-content\/uploads\/2026\/04\/instagram-y-web-6.jpg\" class=\"pt-cv-thumbnail\" alt=\"\" srcset=\"https:\/\/yachay.org.bo\/wp-content\/uploads\/2026\/04\/instagram-y-web-6.jpg 959w, https:\/\/yachay.org.bo\/wp-content\/uploads\/2026\/04\/instagram-y-web-6-300x300.jpg 300w, https:\/\/yachay.org.bo\/wp-content\/uploads\/2026\/04\/instagram-y-web-6-150x150.jpg 150w, https:\/\/yachay.org.bo\/wp-content\/uploads\/2026\/04\/instagram-y-web-6-768x766.jpg 768w, https:\/\/yachay.org.bo\/wp-content\/uploads\/2026\/04\/instagram-y-web-6-270x270.jpg 270w, https:\/\/yachay.org.bo\/wp-content\/uploads\/2026\/04\/instagram-y-web-6-230x230.jpg 230w, https:\/\/yachay.org.bo\/wp-content\/uploads\/2026\/04\/instagram-y-web-6-45x45.jpg 45w, https:\/\/yachay.org.bo\/wp-content\/uploads\/2026\/04\/instagram-y-web-6-600x598.jpg 600w, https:\/\/yachay.org.bo\/wp-content\/uploads\/2026\/04\/instagram-y-web-6-100x100.jpg 100w\" sizes=\"(max-width: 959px) 100vw, 959px\" \/><\/a>\n<h4 class=\"pt-cv-title\"><a href=\"https:\/\/yachay.org.bo\/?p=2930\" class=\"_self\" target=\"_self\" >J\u00f3venes de Sacaba transforman residuos en oportunidades<\/a><\/h4>\n<div class=\"pt-cv-content\">En el marco del proyecto \u201cJ\u00f3venes de Sacaba transforman residuos en oportunidades\u201d, de la Unidad Educativa Sim\u00f3n Bol\u00edvar, se viene &#8230;<br \/><div class=\"pt-cv-rmwrap\"><a href=\"https:\/\/yachay.org.bo\/?p=2930\" class=\"_self pt-cv-readmore btn btn-success\" target=\"_self\">Leer M\u00e1s<\/a><\/div><\/div><\/div><\/div>\n<div class=\"col-md-6 col-sm-6 col-xs-12 pt-cv-content-item pt-cv-1-col\" ><div class='pt-cv-ifield'><a href=\"https:\/\/yachay.org.bo\/?p=2926\" class=\"_self pt-cv-href-thumbnail pt-cv-thumb-default\" target=\"_self\" ><img loading=\"lazy\" decoding=\"async\" width=\"959\" height=\"956\" src=\"https:\/\/yachay.org.bo\/wp-content\/uploads\/2026\/04\/instagram-y-web-5.jpg\" class=\"pt-cv-thumbnail\" alt=\"\" srcset=\"https:\/\/yachay.org.bo\/wp-content\/uploads\/2026\/04\/instagram-y-web-5.jpg 959w, https:\/\/yachay.org.bo\/wp-content\/uploads\/2026\/04\/instagram-y-web-5-300x300.jpg 300w, https:\/\/yachay.org.bo\/wp-content\/uploads\/2026\/04\/instagram-y-web-5-150x150.jpg 150w, https:\/\/yachay.org.bo\/wp-content\/uploads\/2026\/04\/instagram-y-web-5-768x766.jpg 768w, https:\/\/yachay.org.bo\/wp-content\/uploads\/2026\/04\/instagram-y-web-5-270x270.jpg 270w, https:\/\/yachay.org.bo\/wp-content\/uploads\/2026\/04\/instagram-y-web-5-230x230.jpg 230w, https:\/\/yachay.org.bo\/wp-content\/uploads\/2026\/04\/instagram-y-web-5-45x45.jpg 45w, https:\/\/yachay.org.bo\/wp-content\/uploads\/2026\/04\/instagram-y-web-5-600x598.jpg 600w, https:\/\/yachay.org.bo\/wp-content\/uploads\/2026\/04\/instagram-y-web-5-100x100.jpg 100w\" sizes=\"(max-width: 959px) 100vw, 959px\" \/><\/a>\n<h4 class=\"pt-cv-title\"><a href=\"https:\/\/yachay.org.bo\/?p=2926\" class=\"_self\" target=\"_self\" >D\u00eda Municipal contra la Violencia hacia Ni\u00f1as, Ni\u00f1os y Adolescentes en el Municipio de Sacaba<\/a><\/h4>\n<div class=\"pt-cv-content\">Las Promotoras Comunitarias de Lucha contra la Violencia junto a las instituciones afiliadas a la Red Interinstitucional Contra la Violencia &#8230;<br \/><div class=\"pt-cv-rmwrap\"><a href=\"https:\/\/yachay.org.bo\/?p=2926\" class=\"_self pt-cv-readmore btn btn-success\" target=\"_self\">Leer M\u00e1s<\/a><\/div><\/div><\/div><\/div>\n<div class=\"col-md-6 col-sm-6 col-xs-12 pt-cv-content-item pt-cv-1-col\" ><div class='pt-cv-ifield'><a href=\"https:\/\/yachay.org.bo\/?p=2923\" class=\"_self pt-cv-href-thumbnail pt-cv-thumb-default\" target=\"_self\" ><img loading=\"lazy\" decoding=\"async\" width=\"959\" height=\"956\" src=\"https:\/\/yachay.org.bo\/wp-content\/uploads\/2026\/04\/instagram-y-web-4.jpg\" class=\"pt-cv-thumbnail\" alt=\"\" srcset=\"https:\/\/yachay.org.bo\/wp-content\/uploads\/2026\/04\/instagram-y-web-4.jpg 959w, https:\/\/yachay.org.bo\/wp-content\/uploads\/2026\/04\/instagram-y-web-4-300x300.jpg 300w, https:\/\/yachay.org.bo\/wp-content\/uploads\/2026\/04\/instagram-y-web-4-150x150.jpg 150w, https:\/\/yachay.org.bo\/wp-content\/uploads\/2026\/04\/instagram-y-web-4-768x766.jpg 768w, https:\/\/yachay.org.bo\/wp-content\/uploads\/2026\/04\/instagram-y-web-4-270x270.jpg 270w, https:\/\/yachay.org.bo\/wp-content\/uploads\/2026\/04\/instagram-y-web-4-230x230.jpg 230w, https:\/\/yachay.org.bo\/wp-content\/uploads\/2026\/04\/instagram-y-web-4-45x45.jpg 45w, https:\/\/yachay.org.bo\/wp-content\/uploads\/2026\/04\/instagram-y-web-4-600x598.jpg 600w, https:\/\/yachay.org.bo\/wp-content\/uploads\/2026\/04\/instagram-y-web-4-100x100.jpg 100w\" sizes=\"(max-width: 959px) 100vw, 959px\" \/><\/a>\n<h4 class=\"pt-cv-title\"><a href=\"https:\/\/yachay.org.bo\/?p=2923\" class=\"_self\" target=\"_self\" >Sensibilizaci\u00f3n sobre residuos s\u00f3lidos en la Unidad Educativa Sim\u00f3n Bol\u00edvar<\/a><\/h4>\n<div class=\"pt-cv-content\">M\u00e1s de 300 estudiantes, 220 padres de familia y 18 profesores participaron en una jornada de sensibilizaci\u00f3n sobre el recojo, &#8230;<br \/><div class=\"pt-cv-rmwrap\"><a href=\"https:\/\/yachay.org.bo\/?p=2923\" class=\"_self pt-cv-readmore btn btn-success\" target=\"_self\">Leer M\u00e1s<\/a><\/div><\/div><\/div><\/div>\n<div class=\"col-md-6 col-sm-6 col-xs-12 pt-cv-content-item pt-cv-1-col\" ><div class='pt-cv-ifield'><a href=\"https:\/\/yachay.org.bo\/?p=2919\" class=\"_self pt-cv-href-thumbnail pt-cv-thumb-default\" target=\"_self\" ><img loading=\"lazy\" decoding=\"async\" width=\"959\" height=\"956\" src=\"https:\/\/yachay.org.bo\/wp-content\/uploads\/2026\/04\/instagram-y-web-3.jpg\" class=\"pt-cv-thumbnail\" alt=\"\" srcset=\"https:\/\/yachay.org.bo\/wp-content\/uploads\/2026\/04\/instagram-y-web-3.jpg 959w, https:\/\/yachay.org.bo\/wp-content\/uploads\/2026\/04\/instagram-y-web-3-300x300.jpg 300w, https:\/\/yachay.org.bo\/wp-content\/uploads\/2026\/04\/instagram-y-web-3-150x150.jpg 150w, https:\/\/yachay.org.bo\/wp-content\/uploads\/2026\/04\/instagram-y-web-3-768x766.jpg 768w, https:\/\/yachay.org.bo\/wp-content\/uploads\/2026\/04\/instagram-y-web-3-270x270.jpg 270w, https:\/\/yachay.org.bo\/wp-content\/uploads\/2026\/04\/instagram-y-web-3-230x230.jpg 230w, https:\/\/yachay.org.bo\/wp-content\/uploads\/2026\/04\/instagram-y-web-3-45x45.jpg 45w, https:\/\/yachay.org.bo\/wp-content\/uploads\/2026\/04\/instagram-y-web-3-600x598.jpg 600w, https:\/\/yachay.org.bo\/wp-content\/uploads\/2026\/04\/instagram-y-web-3-100x100.jpg 100w\" sizes=\"(max-width: 959px) 100vw, 959px\" \/><\/a>\n<h4 class=\"pt-cv-title\"><a href=\"https:\/\/yachay.org.bo\/?p=2919\" class=\"_self\" target=\"_self\" >D\u00eda Mundial del Emprendedor 16 de abril<\/a><\/h4>\n<div class=\"pt-cv-content\">Cada 16 de abril se conmemora el D\u00eda Mundial del Emprendedor, establecido por la ONU como una jornada para reconocer &#8230;<br \/><div class=\"pt-cv-rmwrap\"><a href=\"https:\/\/yachay.org.bo\/?p=2919\" class=\"_self pt-cv-readmore btn btn-success\" target=\"_self\">Leer M\u00e1s<\/a><\/div><\/div><\/div><\/div>\n<div class=\"col-md-6 col-sm-6 col-xs-12 pt-cv-content-item pt-cv-1-col\" ><div class='pt-cv-ifield'><a href=\"https:\/\/yachay.org.bo\/?p=2916\" class=\"_self pt-cv-href-thumbnail pt-cv-thumb-default\" target=\"_self\" ><img loading=\"lazy\" decoding=\"async\" width=\"959\" height=\"956\" src=\"https:\/\/yachay.org.bo\/wp-content\/uploads\/2026\/04\/instagram-y-web-2.jpg\" class=\"pt-cv-thumbnail\" alt=\"\" srcset=\"https:\/\/yachay.org.bo\/wp-content\/uploads\/2026\/04\/instagram-y-web-2.jpg 959w, https:\/\/yachay.org.bo\/wp-content\/uploads\/2026\/04\/instagram-y-web-2-300x300.jpg 300w, https:\/\/yachay.org.bo\/wp-content\/uploads\/2026\/04\/instagram-y-web-2-150x150.jpg 150w, https:\/\/yachay.org.bo\/wp-content\/uploads\/2026\/04\/instagram-y-web-2-768x766.jpg 768w, https:\/\/yachay.org.bo\/wp-content\/uploads\/2026\/04\/instagram-y-web-2-270x270.jpg 270w, https:\/\/yachay.org.bo\/wp-content\/uploads\/2026\/04\/instagram-y-web-2-230x230.jpg 230w, https:\/\/yachay.org.bo\/wp-content\/uploads\/2026\/04\/instagram-y-web-2-45x45.jpg 45w, https:\/\/yachay.org.bo\/wp-content\/uploads\/2026\/04\/instagram-y-web-2-600x598.jpg 600w, https:\/\/yachay.org.bo\/wp-content\/uploads\/2026\/04\/instagram-y-web-2-100x100.jpg 100w\" sizes=\"(max-width: 959px) 100vw, 959px\" \/><\/a>\n<h4 class=\"pt-cv-title\"><a href=\"https:\/\/yachay.org.bo\/?p=2916\" class=\"_self\" target=\"_self\" >Taller sobre comunicaci\u00f3n y organizaci\u00f3n colectiva en Melga, APPACREM<\/a><\/h4>\n<div class=\"pt-cv-content\">Con el objetivo de promover habilidades en comunicaci\u00f3n asertiva para la toma de decisiones, la construcci\u00f3n de acuerdos y la &#8230;<br \/><div class=\"pt-cv-rmwrap\"><a href=\"https:\/\/yachay.org.bo\/?p=2916\" class=\"_self pt-cv-readmore btn btn-success\" target=\"_self\">Leer M\u00e1s<\/a><\/div><\/div><\/div><\/div>\n<div class=\"col-md-6 col-sm-6 col-xs-12 pt-cv-content-item pt-cv-1-col\" ><div class='pt-cv-ifield'><a href=\"https:\/\/yachay.org.bo\/?p=2913\" class=\"_self pt-cv-href-thumbnail pt-cv-thumb-default\" target=\"_self\" ><img loading=\"lazy\" decoding=\"async\" width=\"959\" height=\"956\" src=\"https:\/\/yachay.org.bo\/wp-content\/uploads\/2026\/04\/instagram-y-web-1.jpg\" class=\"pt-cv-thumbnail\" alt=\"\" srcset=\"https:\/\/yachay.org.bo\/wp-content\/uploads\/2026\/04\/instagram-y-web-1.jpg 959w, https:\/\/yachay.org.bo\/wp-content\/uploads\/2026\/04\/instagram-y-web-1-300x300.jpg 300w, https:\/\/yachay.org.bo\/wp-content\/uploads\/2026\/04\/instagram-y-web-1-150x150.jpg 150w, https:\/\/yachay.org.bo\/wp-content\/uploads\/2026\/04\/instagram-y-web-1-768x766.jpg 768w, https:\/\/yachay.org.bo\/wp-content\/uploads\/2026\/04\/instagram-y-web-1-270x270.jpg 270w, https:\/\/yachay.org.bo\/wp-content\/uploads\/2026\/04\/instagram-y-web-1-230x230.jpg 230w, https:\/\/yachay.org.bo\/wp-content\/uploads\/2026\/04\/instagram-y-web-1-45x45.jpg 45w, https:\/\/yachay.org.bo\/wp-content\/uploads\/2026\/04\/instagram-y-web-1-600x598.jpg 600w, https:\/\/yachay.org.bo\/wp-content\/uploads\/2026\/04\/instagram-y-web-1-100x100.jpg 100w\" sizes=\"(max-width: 959px) 100vw, 959px\" \/><\/a>\n<h4 class=\"pt-cv-title\"><a href=\"https:\/\/yachay.org.bo\/?p=2913\" class=\"_self\" target=\"_self\" >J\u00f3venes de Sacaba transforman residuos en oportunidades<\/a><\/h4>\n<div class=\"pt-cv-content\">Firmamos un convenio de cooperaci\u00f3n interinstitucional con la Unidad Educativa Sim\u00f3n Bol\u00edvar para la ejecuci\u00f3n del proyecto \u201cJ\u00f3venes de Sacaba &#8230;<br \/><div class=\"pt-cv-rmwrap\"><a href=\"https:\/\/yachay.org.bo\/?p=2913\" class=\"_self pt-cv-readmore btn btn-success\" target=\"_self\">Leer M\u00e1s<\/a><\/div><\/div><\/div><\/div>\n<div class=\"col-md-6 col-sm-6 col-xs-12 pt-cv-content-item pt-cv-1-col\" ><div class='pt-cv-ifield'><a href=\"https:\/\/yachay.org.bo\/?p=2909\" class=\"_self pt-cv-href-thumbnail pt-cv-thumb-default\" target=\"_self\" ><img loading=\"lazy\" decoding=\"async\" width=\"959\" height=\"956\" src=\"https:\/\/yachay.org.bo\/wp-content\/uploads\/2026\/04\/instagram-y-web.jpg\" class=\"pt-cv-thumbnail\" alt=\"\" srcset=\"https:\/\/yachay.org.bo\/wp-content\/uploads\/2026\/04\/instagram-y-web.jpg 959w, https:\/\/yachay.org.bo\/wp-content\/uploads\/2026\/04\/instagram-y-web-300x300.jpg 300w, https:\/\/yachay.org.bo\/wp-content\/uploads\/2026\/04\/instagram-y-web-150x150.jpg 150w, https:\/\/yachay.org.bo\/wp-content\/uploads\/2026\/04\/instagram-y-web-768x766.jpg 768w, https:\/\/yachay.org.bo\/wp-content\/uploads\/2026\/04\/instagram-y-web-270x270.jpg 270w, https:\/\/yachay.org.bo\/wp-content\/uploads\/2026\/04\/instagram-y-web-230x230.jpg 230w, https:\/\/yachay.org.bo\/wp-content\/uploads\/2026\/04\/instagram-y-web-45x45.jpg 45w, https:\/\/yachay.org.bo\/wp-content\/uploads\/2026\/04\/instagram-y-web-600x598.jpg 600w, https:\/\/yachay.org.bo\/wp-content\/uploads\/2026\/04\/instagram-y-web-100x100.jpg 100w\" sizes=\"(max-width: 959px) 100vw, 959px\" \/><\/a>\n<h4 class=\"pt-cv-title\"><a href=\"https:\/\/yachay.org.bo\/?p=2909\" class=\"_self\" target=\"_self\" >Aprobaci\u00f3n de Ley Municipal<\/a><\/h4>\n<div class=\"pt-cv-content\">Celebramos la aprobaci\u00f3n de la Ley Municipal de Institucionalizaci\u00f3n del \u201cD\u00eda Municipal contra la Violencia hacia Ni\u00f1as, Ni\u00f1os y Adolescentes &#8230;<br \/><div class=\"pt-cv-rmwrap\"><a href=\"https:\/\/yachay.org.bo\/?p=2909\" class=\"_self pt-cv-readmore btn btn-success\" target=\"_self\">Leer M\u00e1s<\/a><\/div><\/div><\/div><\/div>\n<div class=\"col-md-6 col-sm-6 col-xs-12 pt-cv-content-item pt-cv-1-col\" ><div class='pt-cv-ifield'><a href=\"https:\/\/yachay.org.bo\/?p=2903\" class=\"_self pt-cv-href-thumbnail pt-cv-thumb-default\" target=\"_self\" ><img loading=\"lazy\" decoding=\"async\" width=\"959\" height=\"956\" src=\"https:\/\/yachay.org.bo\/wp-content\/uploads\/2026\/03\/instagram-y-web-11.jpg\" class=\"pt-cv-thumbnail\" alt=\"\" srcset=\"https:\/\/yachay.org.bo\/wp-content\/uploads\/2026\/03\/instagram-y-web-11.jpg 959w, https:\/\/yachay.org.bo\/wp-content\/uploads\/2026\/03\/instagram-y-web-11-300x300.jpg 300w, https:\/\/yachay.org.bo\/wp-content\/uploads\/2026\/03\/instagram-y-web-11-150x150.jpg 150w, https:\/\/yachay.org.bo\/wp-content\/uploads\/2026\/03\/instagram-y-web-11-768x766.jpg 768w, https:\/\/yachay.org.bo\/wp-content\/uploads\/2026\/03\/instagram-y-web-11-270x270.jpg 270w, https:\/\/yachay.org.bo\/wp-content\/uploads\/2026\/03\/instagram-y-web-11-230x230.jpg 230w, https:\/\/yachay.org.bo\/wp-content\/uploads\/2026\/03\/instagram-y-web-11-45x45.jpg 45w, https:\/\/yachay.org.bo\/wp-content\/uploads\/2026\/03\/instagram-y-web-11-600x598.jpg 600w, https:\/\/yachay.org.bo\/wp-content\/uploads\/2026\/03\/instagram-y-web-11-100x100.jpg 100w\" sizes=\"(max-width: 959px) 100vw, 959px\" \/><\/a>\n<h4 class=\"pt-cv-title\"><a href=\"https:\/\/yachay.org.bo\/?p=2903\" class=\"_self\" target=\"_self\" >12\u00aa FERIA PRODUCTIVA MUNICIPAL EL MORRO, SACABA<\/a><\/h4>\n<div class=\"pt-cv-content\">Con el objetivo de promover, impulsar y fortalecer el mercado de la producci\u00f3n local, acompa\u00f1amos junto al GAM Sacaba y &#8230;<br \/><div class=\"pt-cv-rmwrap\"><a href=\"https:\/\/yachay.org.bo\/?p=2903\" class=\"_self pt-cv-readmore btn btn-success\" target=\"_self\">Leer M\u00e1s<\/a><\/div><\/div><\/div><\/div>\n<div class=\"col-md-6 col-sm-6 col-xs-12 pt-cv-content-item pt-cv-1-col\" ><div class='pt-cv-ifield'><a href=\"https:\/\/yachay.org.bo\/?p=2900\" class=\"_self pt-cv-href-thumbnail pt-cv-thumb-default\" target=\"_self\" ><img loading=\"lazy\" decoding=\"async\" width=\"959\" height=\"956\" src=\"https:\/\/yachay.org.bo\/wp-content\/uploads\/2026\/03\/instagram-y-web-10.jpg\" class=\"pt-cv-thumbnail\" alt=\"\" srcset=\"https:\/\/yachay.org.bo\/wp-content\/uploads\/2026\/03\/instagram-y-web-10.jpg 959w, https:\/\/yachay.org.bo\/wp-content\/uploads\/2026\/03\/instagram-y-web-10-300x300.jpg 300w, https:\/\/yachay.org.bo\/wp-content\/uploads\/2026\/03\/instagram-y-web-10-150x150.jpg 150w, https:\/\/yachay.org.bo\/wp-content\/uploads\/2026\/03\/instagram-y-web-10-768x766.jpg 768w, https:\/\/yachay.org.bo\/wp-content\/uploads\/2026\/03\/instagram-y-web-10-270x270.jpg 270w, https:\/\/yachay.org.bo\/wp-content\/uploads\/2026\/03\/instagram-y-web-10-230x230.jpg 230w, https:\/\/yachay.org.bo\/wp-content\/uploads\/2026\/03\/instagram-y-web-10-45x45.jpg 45w, https:\/\/yachay.org.bo\/wp-content\/uploads\/2026\/03\/instagram-y-web-10-600x598.jpg 600w, https:\/\/yachay.org.bo\/wp-content\/uploads\/2026\/03\/instagram-y-web-10-100x100.jpg 100w\" sizes=\"(max-width: 959px) 100vw, 959px\" \/><\/a>\n<h4 class=\"pt-cv-title\"><a href=\"https:\/\/yachay.org.bo\/?p=2900\" class=\"_self\" target=\"_self\" >Emprendimiento De Mujeres<\/a><\/h4>\n<div class=\"pt-cv-content\">Taller de Fortalecimiento Organizativo en Liderazgo \u2013 Mujeres de Maicamayu, pisicultoras de trucha.Iniciamos el taller de liderazgo en la organizaci\u00f3n &#8230;<br \/><div class=\"pt-cv-rmwrap\"><a href=\"https:\/\/yachay.org.bo\/?p=2900\" class=\"_self pt-cv-readmore btn btn-success\" target=\"_self\">Leer M\u00e1s<\/a><\/div><\/div><\/div><\/div><\/div><\/div><\/div>\t\t\t\t\t\t<\/div>\n\t\t\t\t<\/div>\n\t\t\t\t\t<\/div>\n\t\t<\/div>\n\t\t\t\t\t\t\t<\/div>\n\t\t<\/section>\n\t\t\t\t\t\t\t<\/div>\n\t\t","protected":false},"excerpt":{"rendered":"","protected":false},"author":1,"featured_media":0,"parent":0,"menu_order":0,"comment_status":"closed","ping_status":"closed","template":"","meta":{"_monsterinsights_skip_tracking":false,"_monsterinsights_sitenote_active":false,"_monsterinsights_sitenote_note":"","_monsterinsights_sitenote_category":0,"footnotes":""},"aioseo_notices":[],"_links":{"self":[{"href":"https:\/\/yachay.org.bo\/index.php?rest_route=\/wp\/v2\/pages\/859"}],"collection":[{"href":"https:\/\/yachay.org.bo\/index.php?rest_route=\/wp\/v2\/pages"}],"about":[{"href":"https:\/\/yachay.org.bo\/index.php?rest_route=\/wp\/v2\/types\/page"}],"author":[{"embeddable":true,"href":"https:\/\/yachay.org.bo\/index.php?rest_route=\/wp\/v2\/users\/1"}],"replies":[{"embeddable":true,"href":"https:\/\/yachay.org.bo\/index.php?rest_route=%2Fwp%2Fv2%2Fcomments&post=859"}],"version-history":[{"count":7,"href":"https:\/\/yachay.org.bo\/index.php?rest_route=\/wp\/v2\/pages\/859\/revisions"}],"predecessor-version":[{"id":1446,"href":"https:\/\/yachay.org.bo\/index.php?rest_route=\/wp\/v2\/pages\/859\/revisions\/1446"}],"wp:attachment":[{"href":"https:\/\/yachay.org.bo\/index.php?rest_route=%2Fwp%2Fv2%2Fmedia&parent=859"}],"curies":[{"name":"wp","href":"https:\/\/api.w.org\/{rel}","templated":true}]}}