{"id":1083,"date":"2023-10-20T17:21:15","date_gmt":"2023-10-20T17:21:15","guid":{"rendered":"https:\/\/yachay.org.bo\/?page_id=1083"},"modified":"2023-12-12T15:10:33","modified_gmt":"2023-12-12T19:10:33","slug":"testimonios","status":"publish","type":"page","link":"https:\/\/yachay.org.bo\/?page_id=1083","title":{"rendered":"TESTIMONIOS"},"content":{"rendered":"\t\t<div data-elementor-type=\"wp-page\" data-elementor-id=\"1083\" class=\"elementor elementor-1083\">\n\t\t\t\t\t\t\t\t\t<section class=\"elementor-section elementor-top-section elementor-element elementor-element-b01de30 elementor-section-stretched animated-slow elementor-section-boxed elementor-section-height-default elementor-section-height-default elementor-invisible\" data-id=\"b01de30\" data-element_type=\"section\" data-settings=\"{&quot;background_background&quot;:&quot;classic&quot;,&quot;shape_divider_top&quot;:&quot;mountains&quot;,&quot;stretch_section&quot;:&quot;section-stretched&quot;,&quot;animation&quot;:&quot;fadeInDown&quot;}\">\n\t\t\t\t\t\t\t<div class=\"elementor-background-overlay\"><\/div>\n\t\t\t\t\t\t<div class=\"elementor-shape elementor-shape-top\" data-negative=\"false\">\n\t\t\t<svg xmlns=\"http:\/\/www.w3.org\/2000\/svg\" viewBox=\"0 0 1000 100\" preserveAspectRatio=\"none\">\n\t<path class=\"elementor-shape-fill\" opacity=\"0.33\" d=\"M473,67.3c-203.9,88.3-263.1-34-320.3,0C66,119.1,0,59.7,0,59.7V0h1000v59.7 c0,0-62.1,26.1-94.9,29.3c-32.8,3.3-62.8-12.3-75.8-22.1C806,49.6,745.3,8.7,694.9,4.7S492.4,59,473,67.3z\"\/>\n\t<path class=\"elementor-shape-fill\" opacity=\"0.66\" d=\"M734,67.3c-45.5,0-77.2-23.2-129.1-39.1c-28.6-8.7-150.3-10.1-254,39.1 s-91.7-34.4-149.2,0C115.7,118.3,0,39.8,0,39.8V0h1000v36.5c0,0-28.2-18.5-92.1-18.5C810.2,18.1,775.7,67.3,734,67.3z\"\/>\n\t<path class=\"elementor-shape-fill\" d=\"M766.1,28.9c-200-57.5-266,65.5-395.1,19.5C242,1.8,242,5.4,184.8,20.6C128,35.8,132.3,44.9,89.9,52.5C28.6,63.7,0,0,0,0 h1000c0,0-9.9,40.9-83.6,48.1S829.6,47,766.1,28.9z\"\/>\n<\/svg>\t\t<\/div>\n\t\t\t\t\t<div class=\"elementor-container elementor-column-gap-default\">\n\t\t\t\t\t<div class=\"elementor-column elementor-col-100 elementor-top-column elementor-element elementor-element-a56f43a\" data-id=\"a56f43a\" data-element_type=\"column\">\n\t\t\t<div class=\"elementor-widget-wrap elementor-element-populated\">\n\t\t\t\t\t\t\t\t<div class=\"elementor-element elementor-element-45b520a elementor-widget elementor-widget-heading\" data-id=\"45b520a\" data-element_type=\"widget\" data-widget_type=\"heading.default\">\n\t\t\t\t<div class=\"elementor-widget-container\">\n\t\t\t<style>\/*! elementor - v3.15.0 - 20-08-2023 *\/\n.elementor-heading-title{padding:0;margin:0;line-height:1}.elementor-widget-heading .elementor-heading-title[class*=elementor-size-]>a{color:inherit;font-size:inherit;line-height:inherit}.elementor-widget-heading .elementor-heading-title.elementor-size-small{font-size:15px}.elementor-widget-heading .elementor-heading-title.elementor-size-medium{font-size:19px}.elementor-widget-heading .elementor-heading-title.elementor-size-large{font-size:29px}.elementor-widget-heading .elementor-heading-title.elementor-size-xl{font-size:39px}.elementor-widget-heading .elementor-heading-title.elementor-size-xxl{font-size:59px}<\/style><h2 class=\"elementor-heading-title elementor-size-default\"><br><br><b>Testimonios<\/b><\/h2>\t\t<\/div>\n\t\t\t\t<\/div>\n\t\t\t\t\t<\/div>\n\t\t<\/div>\n\t\t\t\t\t\t\t<\/div>\n\t\t<\/section>\n\t\t\t\t<section class=\"elementor-section elementor-top-section elementor-element elementor-element-8b62239 elementor-section-boxed elementor-section-height-default elementor-section-height-default\" data-id=\"8b62239\" data-element_type=\"section\">\n\t\t\t\t\t\t<div class=\"elementor-container elementor-column-gap-default\">\n\t\t\t\t\t<div class=\"elementor-column elementor-col-100 elementor-top-column elementor-element elementor-element-9163272\" data-id=\"9163272\" data-element_type=\"column\">\n\t\t\t<div class=\"elementor-widget-wrap elementor-element-populated\">\n\t\t\t\t\t\t\t\t<div class=\"elementor-element elementor-element-9d5de86 elementor-widget elementor-widget-text-editor\" data-id=\"9d5de86\" data-element_type=\"widget\" data-widget_type=\"text-editor.default\">\n\t\t\t\t<div class=\"elementor-widget-container\">\n\t\t\t<style>\/*! elementor - v3.15.0 - 20-08-2023 *\/\n.elementor-widget-text-editor.elementor-drop-cap-view-stacked .elementor-drop-cap{background-color:#69727d;color:#fff}.elementor-widget-text-editor.elementor-drop-cap-view-framed .elementor-drop-cap{color:#69727d;border:3px solid;background-color:transparent}.elementor-widget-text-editor:not(.elementor-drop-cap-view-default) .elementor-drop-cap{margin-top:8px}.elementor-widget-text-editor:not(.elementor-drop-cap-view-default) .elementor-drop-cap-letter{width:1em;height:1em}.elementor-widget-text-editor .elementor-drop-cap{float:left;text-align:center;line-height:1;font-size:50px}.elementor-widget-text-editor .elementor-drop-cap-letter{display:inline-block}<\/style>\t\t\t\t<p><div class=\"pt-cv-wrapper\"><div class=\"pt-cv-view pt-cv-grid pt-cv-colsys\" id=\"pt-cv-view-6441a3e27g\"><div data-id=\"pt-cv-page-1\" class=\"pt-cv-page\" data-cvc=\"1\"><div class=\"col-md-12 col-sm-12 col-xs-12 pt-cv-content-item pt-cv-1-col\" ><div class='pt-cv-ifield'><a href=\"https:\/\/yachay.org.bo\/?p=1681\" class=\"_self pt-cv-href-thumbnail pt-cv-thumb-default\" target=\"_self\" ><\/a>\n<div class=\"pt-cv-content\"><h2 style=\"font-variant-ligatures: normal; font-variant-caps: normal; font-family: Roboto, sans-serif; font-size: 19px; font-style: normal; color: var( --e-global-color-primary );\" data-elementor-setting-key=\"title\" data-pen-placeholder=\"Teclea aqu\u00ed...\">HISTORIA DE \u00c9XITO: VIDA LIBRE DE VIOLENCIA<\/h2>\n<p><strong>\u201cME SIENTO UNA MUJER M\u00c1S SEGURA, CON LA CAPACIDAD DE AYUDAR A OTR@S\u2026\u201d<\/strong><\/p>\n<p>Mi nombre es Delina Olivera Mu\u00f1oz tengo 20 a\u00f1os, soy del Distrito Rural de Aguirre II, que se encuentra a 45 minutos de Sacaba.<\/p>\n<p>Me enter\u00e9 de la formaci\u00f3n de promotoras comunitarias el 2019, en ese a\u00f1o estaba en la Pre promoci\u00f3n\u00a0 del colegio Aguirre II, en una reuni\u00f3n los padres de familia me escogieron para que participe por ser presidenta del colegio.<\/p>\n<p>El Director de mi colegio y mis profesores me apoyaron mucho en el proceso de mi formaci\u00f3n ya que me daban permiso si ten\u00edamos talleres y ten\u00eda tolerancia para entregar mis tareas.<\/p>\n<p>El ser promotora me ayud\u00f3 mucho personalmente, soy una mujer m\u00e1s segura que tengo la capacidad de ayudar a otr@s; la mayor\u00eda de los casos que deriv\u00f3 son de asistencia familiar;\u00a0 en mi comunidad existe mucha dejadez de los padres y madres de familia, donde los hij@s son afectados, me acuerdo que una vez encontramos a 2 ni\u00f1os y a su madre con problemas de desnutrici\u00f3n, el dinero que la mam\u00e1 ganaba iba a los materiales escolares de los ni\u00f1@s y ya no les alcanzaba para comer y del pap\u00e1 no se sab\u00eda nada\u2026<\/p>\n<p>En mi colegio con mis profesores trabajamos mucho el tema del bullying, mis compa\u00f1eras\/os normalizaron mucho la violencia pero con ayuda de mis profesores fuimos haciendo r\u00e9plicas para que dejen de molestar, burlarse, insultar al compa\u00f1ero\/a porque tambi\u00e9n es violencia.<\/p>\n<p>Mi familia me apoya mucho y est\u00e1n orgullosos de mi trabajo, ya son 3 a\u00f1os que voy trabajando como promotora, en mi comunidad ya que conocen, cuando existe alg\u00fan caso directo vienen a mi casa ya que soy la \u00fanica promotora en mi comunidad\u2026 quisiera que m\u00e1s j\u00f3venes se formen como promotoras\/es para que reduzcamos la violencia en las familias\u2026<\/p>\n<style>\/*! elementor - v3.15.0 - 20-08-2023 *\/\n.elementor-widget-image{text-align:center}.elementor-widget-image a{display:inline-block}.elementor-widget-image a img[src$=\".svg\"]{width:48px}.elementor-widget-image img{vertical-align:middle;display:inline-block}<\/style>\n<p>\t\t\t\t\t\t\t\t\t\t\t\t<img decoding=\"async\" width=\"750\" height=\"500\" src=\"http:\/\/yachay.org.bo\/wp-content\/uploads\/2023\/12\/test4-1024x683.jpg\" alt=\"\" loading=\"lazy\" srcset=\"https:\/\/yachay.org.bo\/wp-content\/uploads\/2023\/12\/test4-1024x683.jpg 1024w, https:\/\/yachay.org.bo\/wp-content\/uploads\/2023\/12\/test4-300x200.jpg 300w, https:\/\/yachay.org.bo\/wp-content\/uploads\/2023\/12\/test4-768x512.jpg 768w, https:\/\/yachay.org.bo\/wp-content\/uploads\/2023\/12\/test4-1536x1024.jpg 1536w, https:\/\/yachay.org.bo\/wp-content\/uploads\/2023\/12\/test4-600x400.jpg 600w, https:\/\/yachay.org.bo\/wp-content\/uploads\/2023\/12\/test4.jpg 2048w\" sizes=\"(max-width: 750px) 100vw, 750px\" \/><br \/>\n\t\t\t\t\t\t\t\t\t\t\t\t\t\t\t<img decoding=\"async\" width=\"515\" height=\"546\" src=\"http:\/\/yachay.org.bo\/wp-content\/uploads\/2023\/12\/test5.png\" alt=\"\" loading=\"lazy\" srcset=\"https:\/\/yachay.org.bo\/wp-content\/uploads\/2023\/12\/test5.png 515w, https:\/\/yachay.org.bo\/wp-content\/uploads\/2023\/12\/test5-283x300.png 283w\" sizes=\"(max-width: 515px) 100vw, 515px\" \/><\/p>\n<\/div><\/div><\/div>\n<div class=\"col-md-12 col-sm-12 col-xs-12 pt-cv-content-item pt-cv-1-col\" ><div class='pt-cv-ifield'><a href=\"https:\/\/yachay.org.bo\/?p=1654\" class=\"_self pt-cv-href-thumbnail pt-cv-thumb-default\" target=\"_self\" ><\/a>\n<div class=\"pt-cv-content\"><p style=\"text-align: justify; line-height: 115%; margin: 12.0pt 0cm 6.0pt 0cm;\"><a><b>HISTORIA DE \u00c9XITO: EMPRENDIMIENTOS<\/b><\/a><\/p>\n<p>Mi nombre es Juan Pablo Saucedo Acosta, tengo 33 a\u00f1os y actualmente soy miembro de la Asociaci\u00f3n de Ganader\u00eda y Piscicultura M\u00e1laga (ASOGAP \u2013 M\u00e1laga) ocupando el cargo de Secretario de actas. Esta Asociaci\u00f3n se encuentra ubicada en la subcentral 2 de Agosto \u2013 Aguirre II del Distrito Rural de Aguirre del municipio de Sacaba.<\/p>\n<p>Nosotros hemos conocido a la ONG Yachay Chhalaku mediante los dirigentes, ellos averiguan sobre los diferentes apoyos para las organizaciones sociales y desde 2020 hemos ido trabajando con la ONG. En 2022 la instituci\u00f3n nos ha colaborado bastante en este emprendimiento con la construcci\u00f3n de un ambiente y un bote que es una gran ayuda y un gran impulso para que nuestro emprendimiento siga adelante. Actualmente somos m\u00e1s de 30 socios trabajando de manera formal y cumpliendo con todas las actividades que tenemos en la Asociaci\u00f3n.<\/p>\n<p>La Laguna tiene una profundidad de 5 a 10 m. y ten\u00edamos una peque\u00f1a balsa de madera y era peligroso ingresar para hacer el manejo y alimentaci\u00f3n, el bote ha sido de gran ayuda para los trabajos de mantenimiento y limpieza.<\/p>\n<p>El costo del bote nosotros no lo pod\u00edamos cubrir como Asociaci\u00f3n, era muy caro, una vez que Yachay Chhalaku nos ha colaborado en esto, ha sido de gran impacto para nosotros porque hemos visto que verdaderamente es m\u00e1s f\u00e1cil el trabajo cuando uno tiene las herramientas adecuadas para realizar una actividad.<\/p>\n<p>Antes del apoyo de Yachay Chhalaku, para nosotros era el manejo de la trucha, cuando hemos logrado el apoyo para nuestro emprendimiento, hemos visto que se puede aumentar la producci\u00f3n. Gracias a la ayuda de Yachay Chhalaku y el GAM Sacaba hemos la producci\u00f3n de trucha.<\/p>\n<style>\/*! elementor - v3.15.0 - 20-08-2023 *\/\n.elementor-widget-image{text-align:center}.elementor-widget-image a{display:inline-block}.elementor-widget-image a img[src$=\".svg\"]{width:48px}.elementor-widget-image img{vertical-align:middle;display:inline-block}<\/style>\n<p>\t\t\t\t\t\t\t\t\t\t\t\t<img decoding=\"async\" width=\"417\" height=\"313\" src=\"http:\/\/yachay.org.bo\/wp-content\/uploads\/2023\/12\/test2.png\" alt=\"\" loading=\"lazy\" srcset=\"https:\/\/yachay.org.bo\/wp-content\/uploads\/2023\/12\/test2.png 417w, https:\/\/yachay.org.bo\/wp-content\/uploads\/2023\/12\/test2-300x225.png 300w\" sizes=\"(max-width: 417px) 100vw, 417px\" \/><br \/>\n\t\t\t\t\t\t\t\t\t\t\t\t\t\t\t<img decoding=\"async\" width=\"423\" height=\"249\" src=\"http:\/\/yachay.org.bo\/wp-content\/uploads\/2023\/12\/test1.png\" alt=\"\" loading=\"lazy\" srcset=\"https:\/\/yachay.org.bo\/wp-content\/uploads\/2023\/12\/test1.png 423w, https:\/\/yachay.org.bo\/wp-content\/uploads\/2023\/12\/test1-300x177.png 300w\" sizes=\"(max-width: 423px) 100vw, 423px\" \/>\t\t\t\t\t\t\t\t\t\t\t\t\t\t\t<\/p>\n<p>Vamos a aumentar la producci\u00f3n que actualmente tenemos porque no abastecemos al mercado local, hay bastante demanda de trucha. Tambi\u00e9n tenemos la visi\u00f3n de la construcci\u00f3n de una incubadora, producir nuestros propios alevines y tener nuestra propia incubadora. Otra proyecci\u00f3n de la Asociaci\u00f3n es la de implementar el tema tur\u00edstico, que las personas realicen camping, servirse un plato, apreciar la naturaleza, pesca, etc. Queremos impulsar esto en la Laguna Recuperada.<\/p>\n<\/div><\/div><\/div><\/div><\/div><\/div><\/p>\t\t\t\t\t\t<\/div>\n\t\t\t\t<\/div>\n\t\t\t\t\t<\/div>\n\t\t<\/div>\n\t\t\t\t\t\t\t<\/div>\n\t\t<\/section>\n\t\t\t\t<section class=\"elementor-section elementor-top-section elementor-element elementor-element-52095f6 elementor-section-boxed elementor-section-height-default elementor-section-height-default\" data-id=\"52095f6\" data-element_type=\"section\">\n\t\t\t\t\t\t<div class=\"elementor-container elementor-column-gap-default\">\n\t\t\t\t\t<div class=\"elementor-column elementor-col-66 elementor-top-column elementor-element elementor-element-718b9ac\" data-id=\"718b9ac\" data-element_type=\"column\">\n\t\t\t<div class=\"elementor-widget-wrap elementor-element-populated\">\n\t\t\t\t\t\t\t\t<div class=\"elementor-element elementor-element-3e6bc62 elementor-widget elementor-widget-text-editor\" data-id=\"3e6bc62\" data-element_type=\"widget\" data-widget_type=\"text-editor.default\">\n\t\t\t\t<div class=\"elementor-widget-container\">\n\t\t\t\t\t\t\t<p>\u201cA las mujeres, no nos toman en cuenta dentro de las organizaciones sociales, ni en las comunidades, ni mucho menos a nivel municipal\u201d.<\/p><p><br><\/p>\n<p>\u201cTodo deciden los hombres, ni nos consultan. En la mayor\u00eda de las comunidades no hay organizaciones de mujeres, y donde las hay, son muy d\u00e9biles\u201d.<\/p>\t\t\t\t\t\t<\/div>\n\t\t\t\t<\/div>\n\t\t\t\t\t<\/div>\n\t\t<\/div>\n\t\t\t\t<div class=\"elementor-column elementor-col-33 elementor-top-column elementor-element elementor-element-e7c037a\" data-id=\"e7c037a\" data-element_type=\"column\">\n\t\t\t<div class=\"elementor-widget-wrap elementor-element-populated\">\n\t\t\t\t\t\t\t\t<div class=\"elementor-element elementor-element-ca4e0c7 elementor-widget elementor-widget-image-gallery\" data-id=\"ca4e0c7\" data-element_type=\"widget\" data-widget_type=\"image-gallery.default\">\n\t\t\t\t<div class=\"elementor-widget-container\">\n\t\t\t<style>\/*! elementor - v3.15.0 - 20-08-2023 *\/\n.elementor-image-gallery .gallery-item{display:inline-block;text-align:center;vertical-align:top;width:100%;max-width:100%;margin:0 auto}.elementor-image-gallery .gallery-item img{margin:0 auto}.elementor-image-gallery .gallery-item .gallery-caption{margin:0}.elementor-image-gallery figure img{display:block}.elementor-image-gallery figure figcaption{width:100%}.gallery-spacing-custom .elementor-image-gallery .gallery-icon{padding:0}@media (min-width:768px){.elementor-image-gallery .gallery-columns-2 .gallery-item{max-width:50%}.elementor-image-gallery .gallery-columns-3 .gallery-item{max-width:33.33%}.elementor-image-gallery .gallery-columns-4 .gallery-item{max-width:25%}.elementor-image-gallery .gallery-columns-5 .gallery-item{max-width:20%}.elementor-image-gallery .gallery-columns-6 .gallery-item{max-width:16.666%}.elementor-image-gallery .gallery-columns-7 .gallery-item{max-width:14.28%}.elementor-image-gallery .gallery-columns-8 .gallery-item{max-width:12.5%}.elementor-image-gallery .gallery-columns-9 .gallery-item{max-width:11.11%}.elementor-image-gallery .gallery-columns-10 .gallery-item{max-width:10%}}@media (min-width:480px) and (max-width:767px){.elementor-image-gallery .gallery.gallery-columns-2 .gallery-item,.elementor-image-gallery .gallery.gallery-columns-3 .gallery-item,.elementor-image-gallery .gallery.gallery-columns-4 .gallery-item,.elementor-image-gallery .gallery.gallery-columns-5 .gallery-item,.elementor-image-gallery .gallery.gallery-columns-6 .gallery-item,.elementor-image-gallery .gallery.gallery-columns-7 .gallery-item,.elementor-image-gallery .gallery.gallery-columns-8 .gallery-item,.elementor-image-gallery .gallery.gallery-columns-9 .gallery-item,.elementor-image-gallery .gallery.gallery-columns-10 .gallery-item{max-width:50%}}@media (max-width:479px){.elementor-image-gallery .gallery.gallery-columns-2 .gallery-item,.elementor-image-gallery .gallery.gallery-columns-3 .gallery-item,.elementor-image-gallery .gallery.gallery-columns-4 .gallery-item,.elementor-image-gallery .gallery.gallery-columns-5 .gallery-item,.elementor-image-gallery .gallery.gallery-columns-6 .gallery-item,.elementor-image-gallery .gallery.gallery-columns-7 .gallery-item,.elementor-image-gallery .gallery.gallery-columns-8 .gallery-item,.elementor-image-gallery .gallery.gallery-columns-9 .gallery-item,.elementor-image-gallery .gallery.gallery-columns-10 .gallery-item{max-width:100%}}<\/style>\t\t<div class=\"elementor-image-gallery\">\n\t\t\t<div id='gallery-1' class='gallery galleryid-1083 gallery-columns-1 gallery-size-full'><figure class='gallery-item'>\n\t\t\t<div class='gallery-icon landscape'>\n\t\t\t\t<a data-elementor-open-lightbox=\"yes\" data-elementor-lightbox-slideshow=\"ca4e0c7\" data-elementor-lightbox-title=\"Foto 3\" data-e-action-hash=\"#elementor-action%3Aaction%3Dlightbox%26settings%3DeyJpZCI6NDk0LCJ1cmwiOiJodHRwczpcL1wveWFjaGF5Lm9yZy5ib1wvd3AtY29udGVudFwvdXBsb2Fkc1wvMjAyM1wvMDhcL0ZvdG8tMy5qcGVnIiwic2xpZGVzaG93IjoiY2E0ZTBjNyJ9\" href='https:\/\/yachay.org.bo\/wp-content\/uploads\/2023\/08\/Foto-3.jpeg'><img loading=\"lazy\" decoding=\"async\" width=\"1200\" height=\"600\" src=\"https:\/\/yachay.org.bo\/wp-content\/uploads\/2023\/08\/Foto-3.jpeg\" class=\"attachment-full size-full\" alt=\"\" aria-describedby=\"gallery-1-494\" srcset=\"https:\/\/yachay.org.bo\/wp-content\/uploads\/2023\/08\/Foto-3.jpeg 1200w, https:\/\/yachay.org.bo\/wp-content\/uploads\/2023\/08\/Foto-3-300x150.jpeg 300w, https:\/\/yachay.org.bo\/wp-content\/uploads\/2023\/08\/Foto-3-1024x512.jpeg 1024w, https:\/\/yachay.org.bo\/wp-content\/uploads\/2023\/08\/Foto-3-768x384.jpeg 768w, https:\/\/yachay.org.bo\/wp-content\/uploads\/2023\/08\/Foto-3-600x300.jpeg 600w\" sizes=\"(max-width: 1200px) 100vw, 1200px\" \/><\/a>\n\t\t\t<\/div>\n\t\t\t\t<figcaption class='wp-caption-text gallery-caption' id='gallery-1-494'>\n\t\t\t\tPromotoras\n\t\t\t\t<\/figcaption><\/figure>\n\t\t<\/div>\n\t\t<\/div>\n\t\t\t\t<\/div>\n\t\t\t\t<\/div>\n\t\t\t\t\t<\/div>\n\t\t<\/div>\n\t\t\t\t\t\t\t<\/div>\n\t\t<\/section>\n\t\t\t\t\t\t\t<\/div>\n\t\t","protected":false},"excerpt":{"rendered":"<p>Testimonios \u201cA las mujeres, no nos toman en cuenta dentro de las organizaciones sociales, ni en las comunidades, ni mucho menos a nivel municipal\u201d. \u201cTodo deciden los hombres, ni nos consultan. En la mayor\u00eda de las comunidades no hay organizaciones<\/p>\n","protected":false},"author":1,"featured_media":0,"parent":0,"menu_order":0,"comment_status":"closed","ping_status":"closed","template":"elementor_header_footer","meta":{"_monsterinsights_skip_tracking":false,"_monsterinsights_sitenote_active":false,"_monsterinsights_sitenote_note":"","_monsterinsights_sitenote_category":0,"footnotes":""},"aioseo_notices":[],"_links":{"self":[{"href":"https:\/\/yachay.org.bo\/index.php?rest_route=\/wp\/v2\/pages\/1083"}],"collection":[{"href":"https:\/\/yachay.org.bo\/index.php?rest_route=\/wp\/v2\/pages"}],"about":[{"href":"https:\/\/yachay.org.bo\/index.php?rest_route=\/wp\/v2\/types\/page"}],"author":[{"embeddable":true,"href":"https:\/\/yachay.org.bo\/index.php?rest_route=\/wp\/v2\/users\/1"}],"replies":[{"embeddable":true,"href":"https:\/\/yachay.org.bo\/index.php?rest_route=%2Fwp%2Fv2%2Fcomments&post=1083"}],"version-history":[{"count":10,"href":"https:\/\/yachay.org.bo\/index.php?rest_route=\/wp\/v2\/pages\/1083\/revisions"}],"predecessor-version":[{"id":1709,"href":"https:\/\/yachay.org.bo\/index.php?rest_route=\/wp\/v2\/pages\/1083\/revisions\/1709"}],"wp:attachment":[{"href":"https:\/\/yachay.org.bo\/index.php?rest_route=%2Fwp%2Fv2%2Fmedia&parent=1083"}],"curies":[{"name":"wp","href":"https:\/\/api.w.org\/{rel}","templated":true}]}}